{"id":36622,"date":"2025-12-27T11:53:54","date_gmt":"2025-12-27T11:53:54","guid":{"rendered":"https:\/\/www.infinitri.be\/?post_type=product&#038;p=36622"},"modified":"2026-04-04T17:34:18","modified_gmt":"2026-04-04T16:34:18","slug":"huub-wetsuit-varman-orange","status":"publish","type":"product","link":"https:\/\/www.infinitri.be\/pt\/produto\/huub-wetsuit-varman-orange\/","title":{"rendered":"Huub \u2013 fato de mergulho Varman Orange"},"content":{"rendered":"<p><strong>Flexibilit\u00e9 maximale | Flottabilit\u00e9 maximale<\/strong><br \/>\nAu fil des ann\u00e9es, nous avons constat\u00e9 que nous devions pousser la recherche encore plus loin, pour obtenir le maximum de flottabilit\u00e9 dans les hanches et les cuisses, mais les r\u00e8gles du triathlon limitent l&#8217;\u00e9paisseur de la combinaison \u00e0 un maximum de 5 mm. Notre objectif \u00e9tait donc de repousser les limites pour en tirer le meilleur parti, ce qui nous a conduit au mat\u00e9riau le plus flottant jamais utilis\u00e9 dans la production de combinaisons.<\/p>\n<p style=\"text-align: right\"><strong>Mousse +43\u2122<\/strong><br \/>\nIl n&#8217;existe aucun mat\u00e9riau plus fin ou plus flottant sur le march\u00e9, 43% plus flottant que le n\u00e9opr\u00e8ne standard.<\/p>\n<p style=\"text-align: right\">La mousse +43\u2122 est l&#8217;avanc\u00e9e technologique la plus importante dans les mat\u00e9riaux de combinaison de plong\u00e9e depuis plus de 80 ans. Depuis sa cr\u00e9ation en 1930, le n\u00e9opr\u00e8ne a \u00e9t\u00e9 utilis\u00e9 dans de nombreuses applications. Il a fallu attendre la fin des ann\u00e9es 80 pour que les premiers adeptes du triathlon utilisent des versions de n\u00e9opr\u00e8ne \u00e0 peau lisse, et nous nous sommes demand\u00e9 pourquoi cela n&#8217;avait pas progress\u00e9 ?<\/p>\n<p style=\"text-align: right\">Lors des tests effectu\u00e9s dans nos laboratoires, nous avons constat\u00e9 que les fossettes et les contours n&#8217;apportaient aucun avantage en termes de performances. Il a fallu une remise en question constante de la norme et un cycle de d\u00e9veloppement de plusieurs ann\u00e9es avec nos partenaires de production HD Labs pour finalement cr\u00e9er un mat\u00e9riau plus l\u00e9ger et plus flottant. Le r\u00e9sultat ? Une mousse r\u00e9volutionnaire 43% plus flottante (que le n\u00e9opr\u00e8ne standard), qui vaut bien les 80 ans d&#8217;attente !<\/p>\n<p style=\"text-align: right\">Le n\u00e9opr\u00e8ne aura toujours sa place&#8230; enfin, pour l&#8217;instant ! Les mat\u00e9riaux japonais Yamamoto que nous utilisons sont parfaits pour les zones d&#8217;\u00e9tirement et d&#8217;extension, associ\u00e9s \u00e0 notre ing\u00e9nierie et \u00e0 notre processus de conception, il n&#8217;y a vraiment aucun substitut, mais la flottabilit\u00e9 propose un ensemble diff\u00e9rent de besoins. En ce qui concerne la flottabilit\u00e9 des combinaisons de natation, il y a d&#8217;abord eu le n\u00e9opr\u00e8ne, puis le NBR, maintenant il y a +43\u2122, et nous ne pouvons pas attendre que vous l&#8217;essayiez.<\/p>\n<p><strong>Bras Neutral\u2122<\/strong><br \/>\nNous avons maintenant cr\u00e9\u00e9 une nouvelle position Arms Neutral\u2122 r\u00e9duisant de 50% le cycle d&#8217;\u00e9tirement maximal typique. Votre style de frappe avec une combinaison peut maintenant imiter votre style de frappe sans combinaison, offrant une libert\u00e9 de rotation\u2122 jamais ressentie auparavant.<\/p>\n<p style=\"text-align: right\"><strong>Syst\u00e8me M.A.D<\/strong><br \/>\nD\u00e9velopp\u00e9e en partenariat avec Innovate-UK, la mesure de la tra\u00een\u00e9e active (M.A.D) est la mesure ultime &#8211; le Saint Graal des donn\u00e9es pour les nageurs. Quelle est la tra\u00een\u00e9e que je cr\u00e9e moi-m\u00eame et dans diff\u00e9rentes combinaisons de plong\u00e9e, maillots de bain, etc. Il existe d&#8217;autres m\u00e9thodes mais aucune n&#8217;est aussi pr\u00e9cise que le syst\u00e8me M.A.D.<\/p>\n<p style=\"text-align: right\">Le professeur Huub Toussaint a invent\u00e9 le premier syst\u00e8me M.A.D. il y a 15 ans, mais son apprentissage et ses recherches l&#8217;ont amen\u00e9 \u00e0 vouloir passer au niveau sup\u00e9rieur en utilisant 17 plaques de force au lieu d&#8217;une seule. Gr\u00e2ce \u00e0 la vision de HUUB et de ses actionnaires, la d\u00e9cision a \u00e9t\u00e9 prise de poursuivre ce r\u00eave et de cr\u00e9er notre propre syst\u00e8me M.A.D. Aucune autre marque de sport n&#8217;en poss\u00e8de un, et c&#8217;est ce que nous n&#8217;arrivions pas \u00e0 comprendre, comment pouvez-vous faire des d\u00e9clarations sans effectuer des tests approfondis ? Le syst\u00e8me M.A.D. le plus avanc\u00e9 du monde se trouve dans notre centre d&#8217;essai, en partenariat avec le centre de natation BEST \u00e0 Majorque.<\/p>\n<p style=\"text-align: right\"><strong>UNE TOUTE NOUVELLE EXP\u00c9RIENCE DE LA NATATION ET DE LA FLOTTABILIT\u00c9<\/strong><\/p>\n<p style=\"text-align: left\"><strong>Carater\u00edsticas principais\u00a0<\/strong><br \/>\nLa mousse de flottabilit\u00e9 exclusive HUUB+43\u2122 offre 43 % de flottabilit\u00e9 en plus que le n\u00e9opr\u00e8ne standard.<br \/>\nConception du haut du corps Rotational Freedom\u2122.<br \/>\nTechnologie exclusive HUUB Arms Neutral\u2122.<br \/>\nSyst\u00e8me de constriction de la flottabilit\u00e9 et de l&#8217;alignement du corps (brevet en instance).<br \/>\nProfil de flottabilit\u00e9 exclusif 3:5 (VB 2:8*).<br \/>\nN\u00e9opr\u00e8ne exclusif incroyablement extensible.<br \/>\nTest\u00e9 par le syst\u00e8me M.A.D.<br \/>\nChoisi et affin\u00e9 par les nageurs les plus rapides du triathlon. Pourquoi pensez-vous que nous avons fait appel \u00e0 Varman ?<br \/>\n*Flottabilit\u00e9 virtuelle bas\u00e9e sur l&#8217;\u00e9paisseur compar\u00e9e aux donn\u00e9es de flottabilit\u00e9.<\/p>\n<p><!--themify_builder_static--><!--\/themify_builder_static--><\/p>","protected":false},"excerpt":{"rendered":"<p>Une combinaison avec une flexibilit\u00e9 ultime sur le haut du corps et une \u00e9norme flottabilit\u00e9 au niveau des hanches et des cuisses.<\/p>","protected":false},"featured_media":36625,"comment_status":"open","ping_status":"closed","template":"","meta":[],"product_brand":[286],"product_cat":[130,141,59],"product_tag":[],"class_list":{"0":"post-36622","1":"product","2":"type-product","3":"status-publish","4":"has-post-thumbnail","6":"product_brand-huub","7":"product_cat-combinaison-neoprene","8":"product_cat-outlet","9":"product_cat-triathlon","10":"zank_product_brands-huub","11":"nt-post-class","12":"","18":"first","19":"instock","20":"sale","21":"taxable","22":"shipping-taxable","23":"purchasable","24":"product-type-variable"},"_links":{"self":[{"href":"https:\/\/www.infinitri.be\/pt\/wp-json\/wp\/v2\/product\/36622","targetHints":{"allow":["GET"]}}],"collection":[{"href":"https:\/\/www.infinitri.be\/pt\/wp-json\/wp\/v2\/product"}],"about":[{"href":"https:\/\/www.infinitri.be\/pt\/wp-json\/wp\/v2\/types\/product"}],"replies":[{"embeddable":true,"href":"https:\/\/www.infinitri.be\/pt\/wp-json\/wp\/v2\/comments?post=36622"}],"wp:featuredmedia":[{"embeddable":true,"href":"https:\/\/www.infinitri.be\/pt\/wp-json\/wp\/v2\/media\/36625"}],"wp:attachment":[{"href":"https:\/\/www.infinitri.be\/pt\/wp-json\/wp\/v2\/media?parent=36622"}],"wp:term":[{"taxonomy":"product_brand","embeddable":true,"href":"https:\/\/www.infinitri.be\/pt\/wp-json\/wp\/v2\/product_brand?post=36622"},{"taxonomy":"product_cat","embeddable":true,"href":"https:\/\/www.infinitri.be\/pt\/wp-json\/wp\/v2\/product_cat?post=36622"},{"taxonomy":"product_tag","embeddable":true,"href":"https:\/\/www.infinitri.be\/pt\/wp-json\/wp\/v2\/product_tag?post=36622"}],"curies":[{"name":"wp","href":"https:\/\/api.w.org\/{rel}","templated":true}]}}