{"id":36721,"date":"2025-12-27T11:56:28","date_gmt":"2025-12-27T11:56:28","guid":{"rendered":"https:\/\/www.infinitri.be\/?post_type=product&#038;p=36721"},"modified":"2026-04-04T17:31:36","modified_gmt":"2026-04-04T16:31:36","slug":"performance-ss-tshirt-homme-niagara-blue","status":"publish","type":"product","link":"https:\/\/www.infinitri.be\/pt\/produto\/performance-ss-tshirt-homme-niagara-blue\/","title":{"rendered":"Tshirt Performance SS para homem Azul Ni\u00e1gara"},"content":{"rendered":"<p>\u2018T-shirt Compressport Performance SS: Ideal para atletas que procuram versatilidade e leveza, perfeita para treino e competi\u00e7\u00e3o.<br \/>\n-Tecnologia anti-assaduras: Tecido de microfibra ultra-suave com constru\u00e7\u00e3o sem costuras para evitar assaduras, fric\u00e7\u00e3o e odores.<br \/>\nVentila\u00e7\u00e3o optimizada: Os pain\u00e9is de malha na frente, nas axilas e nas costas evaporam o suor rapidamente, mantendo-o fresco e seco.<br \/>\n-Versatilidade e desempenho: Adequado para todas as disciplinas, desde corridas nocturnas a sess\u00f5es de trail, com propriedades termorreguladoras para um conforto \u00f3timo.<\/p>","protected":false},"excerpt":{"rendered":"<p>Camisa desportiva para homem macia e termorreguladora com ventila\u00e7\u00e3o incorporada para treino, corrida e exerc\u00edcios de alta intensidade.<\/p>","protected":false},"featured_media":36742,"comment_status":"open","ping_status":"closed","template":"","meta":[],"product_brand":[329],"product_cat":[16,29],"product_tag":[],"class_list":{"0":"post-36721","1":"product","2":"type-product","3":"status-publish","4":"has-post-thumbnail","6":"product_brand-compressport","7":"product_cat-course","8":"product_cat-vestes-et-t-shirts","9":"zank_product_brands-compressport","10":"nt-post-class","11":"","17":"first","18":"outofstock","19":"sale","20":"taxable","21":"shipping-taxable","22":"purchasable","23":"product-type-variable"},"_links":{"self":[{"href":"https:\/\/www.infinitri.be\/pt\/wp-json\/wp\/v2\/product\/36721","targetHints":{"allow":["GET"]}}],"collection":[{"href":"https:\/\/www.infinitri.be\/pt\/wp-json\/wp\/v2\/product"}],"about":[{"href":"https:\/\/www.infinitri.be\/pt\/wp-json\/wp\/v2\/types\/product"}],"replies":[{"embeddable":true,"href":"https:\/\/www.infinitri.be\/pt\/wp-json\/wp\/v2\/comments?post=36721"}],"wp:featuredmedia":[{"embeddable":true,"href":"https:\/\/www.infinitri.be\/pt\/wp-json\/wp\/v2\/media\/36742"}],"wp:attachment":[{"href":"https:\/\/www.infinitri.be\/pt\/wp-json\/wp\/v2\/media?parent=36721"}],"wp:term":[{"taxonomy":"product_brand","embeddable":true,"href":"https:\/\/www.infinitri.be\/pt\/wp-json\/wp\/v2\/product_brand?post=36721"},{"taxonomy":"product_cat","embeddable":true,"href":"https:\/\/www.infinitri.be\/pt\/wp-json\/wp\/v2\/product_cat?post=36721"},{"taxonomy":"product_tag","embeddable":true,"href":"https:\/\/www.infinitri.be\/pt\/wp-json\/wp\/v2\/product_tag?post=36721"}],"curies":[{"name":"wp","href":"https:\/\/api.w.org\/{rel}","templated":true}]}}