{"id":36755,"date":"2025-12-27T11:57:01","date_gmt":"2025-12-27T11:57:01","guid":{"rendered":"https:\/\/www.infinitri.be\/?post_type=product&#038;p=36755"},"modified":"2026-04-04T17:28:06","modified_gmt":"2026-04-04T16:28:06","slug":"arena-carbon-air%c2%b2-jammer-edition-limitee-leopard-homme","status":"publish","type":"product","link":"https:\/\/www.infinitri.be\/pt\/produto\/arena-carbon-air%c2%b2-jammer-edition-limitee-leopard-homme\/","title":{"rendered":"Arena -Carbon Air\u00b2 JAMMER Edi\u00e7\u00e3o limitada Leopardo para homem"},"content":{"rendered":"<p><!--themify_builder_static-->\u00a0<\/p>\n<h1 style=\"text-align: center\" data-content-type=\"text\" data-appearance=\"default\" data-element=\"main\" data-pb-style=\"WTSTT5E\">POWERSKIN CARBON AIR\u00b2<\/h1>\n<h3 style=\"text-align: center\" data-content-type=\"text\" data-appearance=\"default\" data-element=\"main\" data-pb-style=\"WTSTT5E\">A COMPRESS\u00c3O NUNCA FOI T\u00c3O AGRAD\u00c1VEL.<\/h3>\n<p><img decoding=\"async\" src=\"https:\/\/infinitri.be\/wp-content\/uploads\/2023\/02\/logo-fina-approved-200px.webp\" title=\"log\u00f3tipo-fina-aprovado-200px\" alt=\"logo-fina-approved-200px\" \/><br \/>\n<img decoding=\"async\" src=\"https:\/\/infinitri.be\/wp-content\/uploads\/2023\/02\/arena-carbon-air-positive-logo-2021.webp\" title=\"arena-carbon-air-positive-logo-2021\" alt=\"arena-carbon-air-positive-logo-2021\" \/><br \/>\n<img decoding=\"async\" src=\"https:\/\/infinitri.be\/wp-content\/uploads\/2023\/02\/ARENA-LOGO-NEW-HORIZONTAL-BLACK-WHITE-POSITIVE-1024x724-336x75.jpg\" width=\"336\" height=\"75\" title=\"ARENA-LOGO-NEW-HORIZONTAL-PRETO-BRANCO-POSITIVO\" alt=\"ARENA-LOGO-NEW-HORIZONTAL-BLACK-WHITE-POSITIVE\" \/><br \/>\n<img fetchpriority=\"high\" decoding=\"async\" src=\"https:\/\/infinitri.be\/wp-content\/uploads\/2023\/02\/arena-powerskin-carbon-air-2-carbon-band-fabric-1920x900-1-1024x480-580x600.webp\" width=\"580\" height=\"600\" title=\"arena-powerskin-carbon-air-2-carbon-band-fabric-1920x900\" alt=\"arena-powerskin-carbon-air-2-carbon-band-fabric-1920x900\" \/><\/p>\n<p><b>COMPRESS\u00c3O<\/b><\/p>\n<p>Tecido confort\u00e1vel com riscas de carbono<\/p>\n<p>As bandas horizontais de carbono s\u00e3o fixadas num ponto de estiramento cr\u00edtico para proporcionar compress\u00e3o, estabilidade do n\u00facleo e pot\u00eancia quando e onde for necess\u00e1rio. Compress\u00e3o inteligente e mais leve com o conforto de uma segunda pele.<\/p>\n<p style=\"text-align: left\"><b>EFEITO DE SEGUNDA PELE<\/b><\/p>\n<p>Constru\u00e7\u00e3o de uma s\u00f3 pe\u00e7aGra\u00e7as \u00e0 aus\u00eancia de m\u00faltiplas costuras, o Carbon-Air2 oferece um conforto supremo e absorve menos \u00e1gua, resultando numa menor resist\u00eancia e num efeito hidrodin\u00e2mico avan\u00e7ado. \u00c9 tamb\u00e9m mais f\u00e1cil de cal\u00e7ar.<\/p>\n<p><img decoding=\"async\" src=\"https:\/\/infinitri.be\/wp-content\/uploads\/2023\/02\/arena-powerskin-carbon-air-2-new-internal-lining-1920x900-1-1024x480-600x628.webp\" width=\"600\" height=\"628\" title=\"arena-powerskin-carbon-air-2-new-internal-lining-1920x900\" alt=\"arena-powerskin-carbon-air-2-new-internal-lining-1920x900\" \/><br \/>\n<img loading=\"lazy\" decoding=\"async\" src=\"https:\/\/infinitri.be\/wp-content\/uploads\/2023\/02\/arena-powerskin-carbon-air-2-single-piece-construction-1920x900-1-1024x480-580x600.webp\" width=\"580\" height=\"600\" title=\"arena-powerskin-carbon-air-2-single-piece-construction-1920x900\" alt=\"arena-powerskin-carbon-air-2-single-piece-construction-1920x900\" \/><\/p>\n<h3><strong>REDESENHADO PARA MAIOR LIBERDADE<\/strong><\/h3>\n<p>Forro interior.<\/p>\n<p>O forro interior \u00e9 composto por tr\u00eas pain\u00e9is separados para oferecer uma maior liberdade de movimentos. O resultado \u00e9 uma menor compress\u00e3o na zona do peito (fatos de senhora), uma press\u00e3o reduzida nas ancas e uma maior flexibilidade.<\/p>\n<p><!--\/themify_builder_static--><\/p>","protected":false},"excerpt":{"rendered":"<p>O Carbon-Air2 apresenta duas grandes melhorias: o forro interior foi concebido com 3 pain\u00e9is separados, oferecendo uma maior liberdade de movimentos com um peso inferior; e a nova estrutura de uma s\u00f3 pe\u00e7a oferece um melhor ajuste e sensa\u00e7\u00e3o numa camisola que parece uma segunda pele. O Carbon-Air2 \u00e9 fabricado com o mesmo tecido testado e comprovado que o Carbon-Air original, com riscas horizontais de carbono. Apresenta todas as vantagens deste tecido: leveza, compress\u00e3o e baixa resist\u00eancia. Gra\u00e7as a todas estas qualidades, o novo Carbon-Air2 \u00e9 mais leve, mais flex\u00edvel e mais confort\u00e1vel.<\/p>","protected":false},"featured_media":36808,"comment_status":"open","ping_status":"closed","template":"","meta":[],"product_brand":[326],"product_cat":[60,126,41],"product_tag":[],"class_list":{"0":"post-36755","1":"product","2":"type-product","3":"status-publish","4":"has-post-thumbnail","6":"product_brand-arena","7":"product_cat-fina","8":"product_cat-maillot-competition","9":"product_cat-natation","10":"zank_product_brands-arena","11":"nt-post-class","12":"","18":"first","19":"instock","20":"taxable","21":"shipping-taxable","22":"purchasable","23":"product-type-variable"},"_links":{"self":[{"href":"https:\/\/www.infinitri.be\/pt\/wp-json\/wp\/v2\/product\/36755","targetHints":{"allow":["GET"]}}],"collection":[{"href":"https:\/\/www.infinitri.be\/pt\/wp-json\/wp\/v2\/product"}],"about":[{"href":"https:\/\/www.infinitri.be\/pt\/wp-json\/wp\/v2\/types\/product"}],"replies":[{"embeddable":true,"href":"https:\/\/www.infinitri.be\/pt\/wp-json\/wp\/v2\/comments?post=36755"}],"wp:featuredmedia":[{"embeddable":true,"href":"https:\/\/www.infinitri.be\/pt\/wp-json\/wp\/v2\/media\/36808"}],"wp:attachment":[{"href":"https:\/\/www.infinitri.be\/pt\/wp-json\/wp\/v2\/media?parent=36755"}],"wp:term":[{"taxonomy":"product_brand","embeddable":true,"href":"https:\/\/www.infinitri.be\/pt\/wp-json\/wp\/v2\/product_brand?post=36755"},{"taxonomy":"product_cat","embeddable":true,"href":"https:\/\/www.infinitri.be\/pt\/wp-json\/wp\/v2\/product_cat?post=36755"},{"taxonomy":"product_tag","embeddable":true,"href":"https:\/\/www.infinitri.be\/pt\/wp-json\/wp\/v2\/product_tag?post=36755"}],"curies":[{"name":"wp","href":"https:\/\/api.w.org\/{rel}","templated":true}]}}