{"id":36787,"date":"2025-12-27T11:58:52","date_gmt":"2025-12-27T11:58:52","guid":{"rendered":"https:\/\/www.infinitri.be\/?post_type=product&#038;p=36787"},"modified":"2026-04-04T18:43:12","modified_gmt":"2026-04-04T17:43:12","slug":"arena-cobra-ultra-swipe-mirror-yellow-copper-black","status":"publish","type":"product","link":"https:\/\/www.infinitri.be\/pt\/produto\/arena-cobra-ultra-swipe-mirror-yellow-copper-black\/","title":{"rendered":"Arena \u2013 Cobra Ultra Swipe Espelho Amarelo Cobre Preto"},"content":{"rendered":"<p>[tf_popup link=&#8221;&#8221;]Launch Popup[\/tf_popup]Avec les lunettes dans l\u2019eau, faites glisser d\u00e9licatement le bout de vos doigts sur les verres internes cinq fois en vous assurant qu\u2019il n\u2019y a pas de salet\u00e9. R\u00e9p\u00e9tez l\u2019op\u00e9ration chaque fois que de la bu\u00e9e se forme sur vos lunettes afin de profiter d\u2019une vision parfaite plus longtemps. Les verres hydrodynamiques de dimensions r\u00e9duites minimisent la tra\u00een\u00e9e dans l\u2019eau. Article livre avec cinq ponts de nez interchangeables pour ajuster les lunettes aux diff\u00e9rentes formes de nez et de visage. La sangle double est facilement ajustable \u00e0 l\u2019arri\u00e8re de la t\u00eate et garantit un maintien stable, m\u00eame au d\u00e9part et dans les virages. Conception innovante au niveau des tempes pour garantir une excellente tenue, en particulier lors des plongeons. Ces lunettes sans PVC sont dot\u00e9es d\u2019une protection UV. Ce style est disponible avec des verres \u00e0 effet miroir clairs pour la natation en int\u00e9rieur ou sombres pour la natation en ext\u00e9rieur.<\/p>\n","protected":false},"excerpt":{"rendered":"<p>Descubra os \u00f3culos de competi\u00e7\u00e3o unissexo de \u00faltima gera\u00e7\u00e3o com lentes Arena Cobra Ultra Swipe Mirror. Aprovados pela FINA, s\u00e3o ideais para nadadores de competi\u00e7\u00e3o. Revolucion\u00e1ria tecnologia anti-embaciamento arena Swipe para uma prote\u00e7\u00e3o que dura dez vezes mais e que se reactiva facilmente.<\/p>","protected":false},"featured_media":36870,"comment_status":"open","ping_status":"closed","template":"","meta":[],"product_brand":[326],"product_cat":[54,55,41],"product_tag":[],"class_list":{"0":"post-36787","1":"product","2":"type-product","3":"status-publish","4":"has-post-thumbnail","6":"product_brand-arena","7":"product_cat-lunettes","8":"product_cat-lunettes-natation","9":"product_cat-natation","10":"zank_product_brands-arena","11":"nt-post-class","12":"","18":"first","19":"instock","20":"taxable","21":"shipping-taxable","22":"purchasable","23":"product-type-simple"},"_links":{"self":[{"href":"https:\/\/www.infinitri.be\/pt\/wp-json\/wp\/v2\/product\/36787","targetHints":{"allow":["GET"]}}],"collection":[{"href":"https:\/\/www.infinitri.be\/pt\/wp-json\/wp\/v2\/product"}],"about":[{"href":"https:\/\/www.infinitri.be\/pt\/wp-json\/wp\/v2\/types\/product"}],"replies":[{"embeddable":true,"href":"https:\/\/www.infinitri.be\/pt\/wp-json\/wp\/v2\/comments?post=36787"}],"wp:featuredmedia":[{"embeddable":true,"href":"https:\/\/www.infinitri.be\/pt\/wp-json\/wp\/v2\/media\/36870"}],"wp:attachment":[{"href":"https:\/\/www.infinitri.be\/pt\/wp-json\/wp\/v2\/media?parent=36787"}],"wp:term":[{"taxonomy":"product_brand","embeddable":true,"href":"https:\/\/www.infinitri.be\/pt\/wp-json\/wp\/v2\/product_brand?post=36787"},{"taxonomy":"product_cat","embeddable":true,"href":"https:\/\/www.infinitri.be\/pt\/wp-json\/wp\/v2\/product_cat?post=36787"},{"taxonomy":"product_tag","embeddable":true,"href":"https:\/\/www.infinitri.be\/pt\/wp-json\/wp\/v2\/product_tag?post=36787"}],"curies":[{"name":"wp","href":"https:\/\/api.w.org\/{rel}","templated":true}]}}