{"id":36823,"date":"2025-12-27T12:28:19","date_gmt":"2025-12-27T12:28:19","guid":{"rendered":"https:\/\/www.infinitri.be\/?post_type=product&#038;p=36823"},"modified":"2026-04-04T18:44:09","modified_gmt":"2026-04-04T17:44:09","slug":"arena-bonnet-shocking-pink","status":"publish","type":"product","link":"https:\/\/www.infinitri.be\/pt\/produto\/arena-bonnet-shocking-pink\/","title":{"rendered":"Arena \u2013 Gorro Shocking Pink"},"content":{"rendered":"","protected":false},"excerpt":{"rendered":"<p>O confort\u00e1vel chap\u00e9u unissexo arena Shocking Pink \u00e9 perfeito para todas as formas de cabe\u00e7a. A touca protege o cabelo do cloro e reduz o arrastamento. A aba refor\u00e7ada evita que o bon\u00e9 se levante. O material de silicone especial com um toque de pele de p\u00eassego garante uma maior estabilidade e apoio. <\/p>","protected":false},"featured_media":36918,"comment_status":"open","ping_status":"closed","template":"","meta":[],"product_brand":[326],"product_cat":[40,43,41],"product_tag":[],"class_list":{"0":"post-36823","1":"product","2":"type-product","3":"status-publish","4":"has-post-thumbnail","6":"product_brand-arena","7":"product_cat-accessoires","8":"product_cat-bonnet","9":"product_cat-natation","10":"zank_product_brands-arena","11":"nt-post-class","12":"","18":"first","19":"instock","20":"taxable","21":"shipping-taxable","22":"purchasable","23":"product-type-simple"},"_links":{"self":[{"href":"https:\/\/www.infinitri.be\/pt\/wp-json\/wp\/v2\/product\/36823","targetHints":{"allow":["GET"]}}],"collection":[{"href":"https:\/\/www.infinitri.be\/pt\/wp-json\/wp\/v2\/product"}],"about":[{"href":"https:\/\/www.infinitri.be\/pt\/wp-json\/wp\/v2\/types\/product"}],"replies":[{"embeddable":true,"href":"https:\/\/www.infinitri.be\/pt\/wp-json\/wp\/v2\/comments?post=36823"}],"wp:featuredmedia":[{"embeddable":true,"href":"https:\/\/www.infinitri.be\/pt\/wp-json\/wp\/v2\/media\/36918"}],"wp:attachment":[{"href":"https:\/\/www.infinitri.be\/pt\/wp-json\/wp\/v2\/media?parent=36823"}],"wp:term":[{"taxonomy":"product_brand","embeddable":true,"href":"https:\/\/www.infinitri.be\/pt\/wp-json\/wp\/v2\/product_brand?post=36823"},{"taxonomy":"product_cat","embeddable":true,"href":"https:\/\/www.infinitri.be\/pt\/wp-json\/wp\/v2\/product_cat?post=36823"},{"taxonomy":"product_tag","embeddable":true,"href":"https:\/\/www.infinitri.be\/pt\/wp-json\/wp\/v2\/product_tag?post=36823"}],"curies":[{"name":"wp","href":"https:\/\/api.w.org\/{rel}","templated":true}]}}