{"id":36988,"date":"2025-12-27T12:45:41","date_gmt":"2025-12-27T12:45:41","guid":{"rendered":"https:\/\/www.infinitri.be\/?post_type=product&#038;p=36988"},"modified":"2026-04-04T17:33:46","modified_gmt":"2026-04-04T16:33:46","slug":"compressport-pro-racing-socks-v4-0-run-low-rose-clair-orange","status":"publish","type":"product","link":"https:\/\/www.infinitri.be\/pt\/produto\/compressport-pro-racing-socks-v4-0-run-low-rose-clair-orange\/","title":{"rendered":"Compressport-Pro Racing Socks v4.0 Run Low Rosa claro \/ laranja"},"content":{"rendered":"<p>O tecido t\u00e9cnico \u00e9 leve e respir\u00e1vel, eliminando rapidamente a humidade para manter os p\u00e9s frescos e secos. Uma \u201ctoe box\u201d redesenhada e mais larga oferece um ajuste mais ergon\u00f3mico e uma propriocep\u00e7\u00e3o melhorada, permitindo que os dedos dos p\u00e9s agarrem intuitivamente a aterragem para uma passada natural e fluida. A malha fina \u00e0 volta do calcanhar, id\u00eantica \u00e0 da vers\u00e3o PRS High, oferece um apoio direcionado \u00e0 medida que se acelera o ritmo, enquanto o acolchoamento de tecido felpudo no dedo grande do p\u00e9 o mant\u00e9m livre de unhas escurecidas em corridas mais longas. O suporte m\u00e9dio do arco estimula a microcircula\u00e7\u00e3o e evita que o tecido se tor\u00e7a e dobre para manter afastadas as bolhas e as irrita\u00e7\u00f5es dolorosas. A nossa nov\u00edssima tecnologia Flat.dots combina pontos 3D especiais \u00e0 volta do tend\u00e3o de Aquiles para um amortecimento e uma prote\u00e7\u00e3o extra \u00e0 medida que os seus p\u00e9s batem na pista. Sob os p\u00e9s, um padr\u00e3o de 3D Dots (75 %) e Flat Dots (25 %) amortece o impacto e proporciona uma melhor ventila\u00e7\u00e3o, uma melhor ader\u00eancia ao sapato e uma estimula\u00e7\u00e3o suave para estimular o retorno venoso e retardar a fadiga.<\/p>","protected":false},"excerpt":{"rendered":"<p>As meias de corrida Compressport Pro Racing Socks v4.0 s\u00e3o a nova gera\u00e7\u00e3o de meias de corrida de baixo perfil que oferecem o m\u00e1ximo conforto, preven\u00e7\u00e3o de bolhas e ventila\u00e7\u00e3o \u00f3ptima durante a corrida.<\/p>","protected":false},"featured_media":37027,"comment_status":"open","ping_status":"closed","template":"","meta":[],"product_brand":[329],"product_cat":[207,16,321],"product_tag":[],"class_list":{"0":"post-36988","1":"product","2":"type-product","3":"status-publish","4":"has-post-thumbnail","6":"product_brand-compressport","7":"product_cat-chaussettes-running","8":"product_cat-course","9":"product_cat-nouveaute","10":"zank_product_brands-compressport","11":"nt-post-class","12":"","18":"first","19":"instock","20":"taxable","21":"shipping-taxable","22":"purchasable","23":"product-type-variable"},"_links":{"self":[{"href":"https:\/\/www.infinitri.be\/pt\/wp-json\/wp\/v2\/product\/36988","targetHints":{"allow":["GET"]}}],"collection":[{"href":"https:\/\/www.infinitri.be\/pt\/wp-json\/wp\/v2\/product"}],"about":[{"href":"https:\/\/www.infinitri.be\/pt\/wp-json\/wp\/v2\/types\/product"}],"replies":[{"embeddable":true,"href":"https:\/\/www.infinitri.be\/pt\/wp-json\/wp\/v2\/comments?post=36988"}],"wp:featuredmedia":[{"embeddable":true,"href":"https:\/\/www.infinitri.be\/pt\/wp-json\/wp\/v2\/media\/37027"}],"wp:attachment":[{"href":"https:\/\/www.infinitri.be\/pt\/wp-json\/wp\/v2\/media?parent=36988"}],"wp:term":[{"taxonomy":"product_brand","embeddable":true,"href":"https:\/\/www.infinitri.be\/pt\/wp-json\/wp\/v2\/product_brand?post=36988"},{"taxonomy":"product_cat","embeddable":true,"href":"https:\/\/www.infinitri.be\/pt\/wp-json\/wp\/v2\/product_cat?post=36988"},{"taxonomy":"product_tag","embeddable":true,"href":"https:\/\/www.infinitri.be\/pt\/wp-json\/wp\/v2\/product_tag?post=36988"}],"curies":[{"name":"wp","href":"https:\/\/api.w.org\/{rel}","templated":true}]}}