{"id":37004,"date":"2025-12-27T12:46:31","date_gmt":"2025-12-27T12:46:31","guid":{"rendered":"https:\/\/www.infinitri.be\/?post_type=product&#038;p=37004"},"modified":"2026-04-04T17:33:38","modified_gmt":"2026-04-04T16:33:38","slug":"compressport-pro-racing-socks-v4-0-run-high-elf-yellow-fluo-red","status":"publish","type":"product","link":"https:\/\/www.infinitri.be\/pt\/produto\/compressport-pro-racing-socks-v4-0-run-high-elf-yellow-fluo-red\/","title":{"rendered":"Compressport-Pro Racing Socks v4.0 Run High Elf Yellow \/ vermelho fluorescente"},"content":{"rendered":"<div class=\"d-flex flex-wrap col-12 product\">\n<div id=\"description\" class=\"d-flex flex-wrap w-100\">\n<div class=\"col-12\">\n<div class=\"d-none d-md-block container-fluid mt-5\">\n<div class=\"product__description rich-text\">Uma meia de corrida especialmente concebida para proporcionar uma ventila\u00e7\u00e3o \u00f3ptima e prote\u00e7\u00e3o contra bolhas enquanto corre para o seu pr\u00f3ximo recorde. O tecido t\u00e9cnico \u00e9 leve e respir\u00e1vel, eliminando rapidamente a humidade para manter os p\u00e9s frescos e secos, mesmo em condi\u00e7\u00f5es mais quentes. Uma \u201ctoe box\u201d totalmente nova e mais larga oferece um ajuste mais ergon\u00f3mico e uma propriocep\u00e7\u00e3o melhorada, permitindo que os dedos dos p\u00e9s agarrem intuitivamente a aterragem para uma passada natural e fluida. A malha fina \u00e0 volta do tornozelo oferece um apoio direcionado quando se est\u00e1 a acelerar o ritmo, enquanto o acolchoamento em tecido felpudo no dedo grande do p\u00e9 evita o escurecimento das unhas em corridas mais longas. O suporte m\u00e9dio do arco estimula a microcircula\u00e7\u00e3o e impede que o tecido se tor\u00e7a e dobre, para evitar bolhas e irrita\u00e7\u00f5es dolorosas. No tend\u00e3o de Aquiles, duas linhas de 3D Dots conferem prote\u00e7\u00e3o e apoio. Est\u00e3o rodeadas por uma fila de novos Flat Dots para uma melhor ventila\u00e7\u00e3o. Sob os p\u00e9s, um padr\u00e3o de 3D.Dots (75 %) e Flat.Dots (25 %) amortece o impacto e proporciona ader\u00eancia e ventila\u00e7\u00e3o extra, bem como uma microestimula\u00e7\u00e3o suave para aumentar o retorno venoso e retardar a fadiga \u00e0 medida que os quil\u00f3metros se acumulam. A altura \u00e9 inferior \u00e0 dos modelos de trail e de bicicleta, com um ajuste e uma tecnologia especificamente concebidos para as exig\u00eancias da corrida em estrada.<\/div>\n<\/div>\n<div id=\"caract\" class=\"d-flex w-100\">\n<div class=\"d-flex flex-wrap w-100 dashboard_features\">\n<div class=\"col-12 col-md-6 right_features d-flex flex-column justify-content-center\">\n<div class=\"feature_block d-flex align-items-baseline\">\n<p class=\"title\">Desenvolvido para<\/p>\n<div class=\"d-flex justify-content-around align-items-start\">\n<div class=\"feature_values text-center\"><span class=\"value ms-2\">M\u00e1xima termorregula\u00e7\u00e3o e evacua\u00e7\u00e3o do suor<\/span><\/div>\n<\/div>\n<\/div>\n<div class=\"feature_block weight d-flex align-items-baseline\">\n<p class=\"title\">PESO<\/p>\n<div class=\"d-flex justify-content-center align-items-start ms-2\"><span class=\"value\">37.00 g<\/span><\/div>\n<\/div>\n<\/div>\n<div class=\"col-12 col-md-6 left_features\">\n<div class=\"feature_block f_activity\">\n<p class=\"title px-md-5 text-bold\">\n<\/div>\n<\/div>\n<\/div>\n<\/div>\n<div id=\"video\" class=\"video-wrapper\"><\/div>\n<div id=\"reviews\" class=\"product-details-wrapper col-12 d-none d-md-block\"><\/div>\n<\/div>\n<\/div>\n<\/div>\n<div class=\"fixed-product-actions position-fixed bottom-0 p-4 bg-white w-100\">\n<div class=\"d-flex align-items-center\">\n<div class=\"col-7 col-md-5 addToCart\">\n<div class=\"product__add-to-cart product-add-to-cart js-product-add-to-cart mb-0\">\n<div class=\"product-actions__button add col ps-0 mt-0\"><\/div>\n<\/div>\n<\/div>\n<\/div>\n<\/div>","protected":false},"excerpt":{"rendered":"<p>As meias de corrida Compressport Pro Racing Socks v4.0 Run High oferecem o m\u00e1ximo conforto, evitam bolhas e asseguram uma ventila\u00e7\u00e3o \u00f3ptima durante as suas corridas.<\/p>","protected":false},"featured_media":37045,"comment_status":"open","ping_status":"closed","template":"","meta":[],"product_brand":[329],"product_cat":[207,16,321],"product_tag":[],"class_list":{"0":"post-37004","1":"product","2":"type-product","3":"status-publish","4":"has-post-thumbnail","6":"product_brand-compressport","7":"product_cat-chaussettes-running","8":"product_cat-course","9":"product_cat-nouveaute","10":"zank_product_brands-compressport","11":"nt-post-class","12":"","18":"first","19":"instock","20":"taxable","21":"shipping-taxable","22":"purchasable","23":"product-type-variable"},"_links":{"self":[{"href":"https:\/\/www.infinitri.be\/pt\/wp-json\/wp\/v2\/product\/37004","targetHints":{"allow":["GET"]}}],"collection":[{"href":"https:\/\/www.infinitri.be\/pt\/wp-json\/wp\/v2\/product"}],"about":[{"href":"https:\/\/www.infinitri.be\/pt\/wp-json\/wp\/v2\/types\/product"}],"replies":[{"embeddable":true,"href":"https:\/\/www.infinitri.be\/pt\/wp-json\/wp\/v2\/comments?post=37004"}],"wp:featuredmedia":[{"embeddable":true,"href":"https:\/\/www.infinitri.be\/pt\/wp-json\/wp\/v2\/media\/37045"}],"wp:attachment":[{"href":"https:\/\/www.infinitri.be\/pt\/wp-json\/wp\/v2\/media?parent=37004"}],"wp:term":[{"taxonomy":"product_brand","embeddable":true,"href":"https:\/\/www.infinitri.be\/pt\/wp-json\/wp\/v2\/product_brand?post=37004"},{"taxonomy":"product_cat","embeddable":true,"href":"https:\/\/www.infinitri.be\/pt\/wp-json\/wp\/v2\/product_cat?post=37004"},{"taxonomy":"product_tag","embeddable":true,"href":"https:\/\/www.infinitri.be\/pt\/wp-json\/wp\/v2\/product_tag?post=37004"}],"curies":[{"name":"wp","href":"https:\/\/api.w.org\/{rel}","templated":true}]}}