{"id":37043,"date":"2025-12-27T12:47:47","date_gmt":"2025-12-27T12:47:47","guid":{"rendered":"https:\/\/www.infinitri.be\/?post_type=product&#038;p=37043"},"modified":"2026-04-04T17:33:38","modified_gmt":"2026-04-04T16:33:38","slug":"compressport-pro-racing-socks-v4-0-trail-rouge-fluo","status":"publish","type":"product","link":"https:\/\/www.infinitri.be\/pt\/produto\/compressport-pro-racing-socks-v4-0-trail-rouge-fluo\/","title":{"rendered":"Meias de corrida Compressport-Pro v4.0 Trail Fluo Red"},"content":{"rendered":"<p>O trail ou corrida na natureza n\u00e3o \u00e9 uma corrida em estrada. Os p\u00e9s t\u00eam de flexionar constantemente e adaptar-se a um terreno em constante mudan\u00e7a. Concebidas com o objetivo de absorver os choques e proteger, as meias Pro Racing Socks Trail de 4.\u00aa gera\u00e7\u00e3o elevam as tecnologias Compressport a um novo n\u00edvel. Um tecido espec\u00edfico \u00e0 volta da parte dianteira do p\u00e9 e da parte inferior da perna \u00e9 robusto, mas ventilado, evacuando rapidamente a humidade para evitar irrita\u00e7\u00f5es. O tecido mais espesso do peito do p\u00e9 sobe mais alto do que o dos nossos modelos de corrida para uma maior prote\u00e7\u00e3o, e uma malha espec\u00edfica \u00e0 volta do tornozelo oferece uma estabilidade tranquilizadora em terrenos rochosos. Uma nova zona dos dedos dos p\u00e9s com um refor\u00e7o mais largo proporciona um ajuste mais ergon\u00f3mico e uma melhor propriocep\u00e7\u00e3o, permitindo que os dedos dos p\u00e9s se agarrem e se equilibrem intuitivamente em terrenos irregulares. Um acolchoamento em tecido esponjoso resistente cobre todos os dedos dos p\u00e9s para amortecer os impactos em descidas r\u00e1pidas e bruscas. Um apoio melhorado do arco do p\u00e9 a 360\u00b0 estimula a circula\u00e7\u00e3o sangu\u00ednea e impede que o tecido se tor\u00e7a e dobre, evitando bolhas e irrita\u00e7\u00f5es ao longo dos quil\u00f3metros.  Os dois mal\u00e9olos s\u00e3o cobertos por grandes pontos em forma de sol para evitar hematomas na parte inferior do p\u00e9. Duas filas laterais de 3D.Dots cobrem os m\u00fasculos fibulares, estimulando os recetores sensoriais para melhorar a propriocep\u00e7\u00e3o e a estabilidade do tornozelo. Um padr\u00e3o largo de 3D.Dots sobe ao longo do tend\u00e3o de Aquiles para maior acolchoamento e apoio, envolvendo uma linha de Flat.dots para ventila\u00e7\u00e3o. Uma trama mais densa sob o p\u00e9 reduz ainda mais as vibra\u00e7\u00f5es, com os 3D.Dots a amortecer o impacto e a proporcionar ao p\u00e9 uma ader\u00eancia s\u00f3lida no cal\u00e7ado. Estes pontos tamb\u00e9m ajudam a aumentar o retorno venoso e a retardar a fadiga, para que se sinta fresco durante mais tempo.<\/p>","protected":false},"excerpt":{"rendered":"<p>As Compressport Pro Racing Socks Trail v4.0 s\u00e3o meias de trail running de alta tecnologia que protegem os seus p\u00e9s, absorvem os impactos e oferecem apoio durante os desafios mais dif\u00edceis fora das estradas.<\/p>","protected":false},"featured_media":37077,"comment_status":"open","ping_status":"closed","template":"","meta":[],"product_brand":[329],"product_cat":[207,16,321],"product_tag":[],"class_list":{"0":"post-37043","1":"product","2":"type-product","3":"status-publish","4":"has-post-thumbnail","6":"product_brand-compressport","7":"product_cat-chaussettes-running","8":"product_cat-course","9":"product_cat-nouveaute","10":"zank_product_brands-compressport","11":"nt-post-class","12":"","18":"first","19":"instock","20":"taxable","21":"shipping-taxable","22":"purchasable","23":"product-type-variable"},"_links":{"self":[{"href":"https:\/\/www.infinitri.be\/pt\/wp-json\/wp\/v2\/product\/37043","targetHints":{"allow":["GET"]}}],"collection":[{"href":"https:\/\/www.infinitri.be\/pt\/wp-json\/wp\/v2\/product"}],"about":[{"href":"https:\/\/www.infinitri.be\/pt\/wp-json\/wp\/v2\/types\/product"}],"replies":[{"embeddable":true,"href":"https:\/\/www.infinitri.be\/pt\/wp-json\/wp\/v2\/comments?post=37043"}],"wp:featuredmedia":[{"embeddable":true,"href":"https:\/\/www.infinitri.be\/pt\/wp-json\/wp\/v2\/media\/37077"}],"wp:attachment":[{"href":"https:\/\/www.infinitri.be\/pt\/wp-json\/wp\/v2\/media?parent=37043"}],"wp:term":[{"taxonomy":"product_brand","embeddable":true,"href":"https:\/\/www.infinitri.be\/pt\/wp-json\/wp\/v2\/product_brand?post=37043"},{"taxonomy":"product_cat","embeddable":true,"href":"https:\/\/www.infinitri.be\/pt\/wp-json\/wp\/v2\/product_cat?post=37043"},{"taxonomy":"product_tag","embeddable":true,"href":"https:\/\/www.infinitri.be\/pt\/wp-json\/wp\/v2\/product_tag?post=37043"}],"curies":[{"name":"wp","href":"https:\/\/api.w.org\/{rel}","templated":true}]}}