{"id":37130,"date":"2025-12-27T12:58:38","date_gmt":"2025-12-27T12:58:38","guid":{"rendered":"https:\/\/www.infinitri.be\/?post_type=product&#038;p=37130"},"modified":"2026-04-04T17:27:09","modified_gmt":"2026-04-04T16:27:09","slug":"location-personnalisee-de-neoprene","status":"publish","type":"product","link":"https:\/\/www.infinitri.be\/pt\/produto\/location-personnalisee-de-neoprene\/","title":{"rendered":"Aluguer personalizado de fatos de neoprene"},"content":{"rendered":"<p>\u2013 Estou indeciso quanto ao tamanho, podem me ajudar? Sim, claro, entre em contacto connosco, indique o seu sexo, peso e altura para que possamos orient\u00e1-lo. \u2013 Finalizei o meu aluguer, mas gostaria de alterar o tamanho, isso \u00e9 poss\u00edvel? At\u00e9 7 dias \u00fateis, pode entrar em contacto connosco por e-mail para solicitar a altera\u00e7\u00e3o e verificaremos juntos a disponibilidade. \u2013 Tenho dificuldade em definir as datas do aluguer. Participa numa competi\u00e7\u00e3o desportiva, por exemplo, o triatlo de Haute Meuse a 13 de julho de 2025. Pode indicar-nos a data em que \u00e9 importante para si receber o fato no ponto de entrega mundial. Como o prazo \u00e9 de 7 dias, neste caso, \u00e9 sem d\u00favida interessante reservar o dia 8 ou 9 de julho e uma devolu\u00e7\u00e3o no dia 14 ou 15 de julho. Assim, poder\u00e1 testar o fato antes da sua prova. \u2013 Como funciona a devolu\u00e7\u00e3o? Ser-lhe-\u00e1 enviada por e-mail uma etiqueta da Mondiale Relay para devolver o fato. <strong>seca<\/strong> e <strong>embalada<\/strong> no ponto World Relay da sua escolha. Aten\u00e7\u00e3o, \u00e9 importante respeitar a data m\u00e1xima de entrega indicada na sua reserva. \u2013 Quero comprar o fato que aluguei. O mais simples \u00e9 avisar-nos por e-mail. Nesse caso, n\u00e3o precisa fazer mais nada, a sua garantia \u00e9 automaticamente convertida em compra e est\u00e1 pronto para o resto da temporada. \u2013 Adorei a experi\u00eancia e quero comprar um modelo equivalente, como posso fazer? Neste caso, guardamos a sua cau\u00e7\u00e3o e, assim que recebermos o fato alugado, preparamos o envio do modelo novo. \u2013 Preciso mesmo da vossa experi\u00eancia e opini\u00e3o sobre o tamanho a alugar. Estamos dispon\u00edveis mediante marca\u00e7\u00e3o para vos orientar. Envie-nos um e-mail ou uma mensagem pelo WhatsApp para marcar a consulta e sair com o fato.<\/p>","protected":false},"excerpt":{"rendered":"<p>Alugue um fato de mergulho em neoprene entregue diretamente em sua casa! Pre\u00e7o:<\/p>\n<ul>\n<li>50 \u20ac para um per\u00edodo de aluguer de 3 a 7 dias<\/li>\n<li>80 \u20ac para um per\u00edodo de aluguer de 7 a 14 dias.<\/li>\n<\/ul>\n<p>Receber\u00e1 o seu fato em casa no dia do in\u00edcio do aluguer, ou antes. Deve devolver o fato \u00e0 Infinitri, o mais tardar, no dia do fim do aluguer. Receber\u00e1 o fato, bem como uma guia de devolu\u00e7\u00e3o para o reenviar. \u00c9 mantida uma cau\u00e7\u00e3o durante o aluguer.\u00a0 \u00c9 poss\u00edvel converter essa cau\u00e7\u00e3o em compra, caso deseje ficar com o fato ou receber um fato novo.<\/p>","protected":false},"featured_media":36595,"comment_status":"open","ping_status":"closed","template":"","meta":[],"product_brand":[],"product_cat":[130],"product_tag":[],"class_list":{"0":"post-37130","1":"product","2":"type-product","3":"status-publish","4":"has-post-thumbnail","6":"product_cat-combinaison-neoprene","7":"product_shipping_class-location-personnalisee","8":"nt-post-class","9":"","15":"first","16":"instock","17":"taxable","18":"shipping-taxable","19":"purchasable","20":"product-type-redq_rental"},"_links":{"self":[{"href":"https:\/\/www.infinitri.be\/pt\/wp-json\/wp\/v2\/product\/37130","targetHints":{"allow":["GET"]}}],"collection":[{"href":"https:\/\/www.infinitri.be\/pt\/wp-json\/wp\/v2\/product"}],"about":[{"href":"https:\/\/www.infinitri.be\/pt\/wp-json\/wp\/v2\/types\/product"}],"replies":[{"embeddable":true,"href":"https:\/\/www.infinitri.be\/pt\/wp-json\/wp\/v2\/comments?post=37130"}],"wp:featuredmedia":[{"embeddable":true,"href":"https:\/\/www.infinitri.be\/pt\/wp-json\/wp\/v2\/media\/36595"}],"wp:attachment":[{"href":"https:\/\/www.infinitri.be\/pt\/wp-json\/wp\/v2\/media?parent=37130"}],"wp:term":[{"taxonomy":"product_brand","embeddable":true,"href":"https:\/\/www.infinitri.be\/pt\/wp-json\/wp\/v2\/product_brand?post=37130"},{"taxonomy":"product_cat","embeddable":true,"href":"https:\/\/www.infinitri.be\/pt\/wp-json\/wp\/v2\/product_cat?post=37130"},{"taxonomy":"product_tag","embeddable":true,"href":"https:\/\/www.infinitri.be\/pt\/wp-json\/wp\/v2\/product_tag?post=37130"}],"curies":[{"name":"wp","href":"https:\/\/api.w.org\/{rel}","templated":true}]}}