{"id":37181,"date":"2025-12-27T12:59:54","date_gmt":"2025-12-27T12:59:54","guid":{"rendered":"https:\/\/www.infinitri.be\/?post_type=product&#038;p=37181"},"modified":"2026-04-04T18:47:30","modified_gmt":"2026-04-04T17:47:30","slug":"compressport-trucker-cap-jaune","status":"publish","type":"product","link":"https:\/\/www.infinitri.be\/pt\/produto\/compressport-trucker-cap-jaune\/","title":{"rendered":"Compressport - bon\u00e9 de camionista Amarelo"},"content":{"rendered":"<p><!--themify_builder_static--><\/p>\n<h1 style=\"text-align: center\">Descri\u00e7\u00e3o \u2699<\/h1>\n<p style=\"text-align: left\">Os bon\u00e9s s\u00e3o como os sapatos e as camisas: \u00e9 necess\u00e1rio (pelo menos) um para cada situa\u00e7\u00e3o. O nosso moderno bon\u00e9 Compressport Trucker permite-lhe manter a cabe\u00e7a coberta com estilo antes e depois das suas sess\u00f5es e corridas. A viseira curva protege do sol e mant\u00e9m os cabelos soltos longe dos olhos, enquanto a parte de tr\u00e1s em malha cl\u00e1ssica de camionista mant\u00e9m a cabe\u00e7a fresca quando as temperaturas sobem. O ajuste \u00e9 facilmente ajust\u00e1vel com um fecho de mola. O nosso log\u00f3tipo da corrida \u00e9 bordado na frente para um visual elegante e din\u00e2mico no briefing da corrida, depois da festa ou simplesmente na praia.<\/p>\n<p><img fetchpriority=\"high\" decoding=\"async\" title=\"bon\u00e9 de camionista-vermelho-branco\" src=\"https:\/\/infinitri.be\/wp-content\/uploads\/2023\/02\/trucker-cap-red-white-545x545.jpg\" alt=\"trucker-cap-red-white\" width=\"545\" height=\"545\" \/><\/p>\n<h1>Especifica\u00e7\u00f5es t\u00e9cnicas<\/h1>\n<p style=\"text-align: left\">\u00d3ptima prote\u00e7\u00e3o contra o sol gra\u00e7as a uma ampla viseira curva e a um arn\u00eas completo.<br \/>\nUm design elegante e din\u00e2mico para que voc\u00ea e o seu cami\u00e3o se destaquem da multid\u00e3o.<br \/>\nFacilmente ajust\u00e1vel com um cl\u00e1ssico fecho de bot\u00f5es de press\u00e3o. esta\u00e7\u00e3o: ver\u00e3o<\/p>\n<p>&nbsp;<\/p>\n<p style=\"text-align: left\">LUZ \u2605\u2605\u2605\u2605<\/p>\n<p>&nbsp;<\/p>\n<p>TERMORREGULA\u00c7\u00c3O \u2605\u2605\u2605\u2605<\/p>\n<h1 style=\"text-align: center\">Material \ud83d\udc56<\/h1>\n<p style=\"text-align: left\">Tecido 1: Algod\u00e3o 100% - Tecido 2: Poli\u00e9ster 100%<\/p>\n<p><img decoding=\"async\" src=\"https:\/\/www.compressport.com\/inter\/img\/prods_entretien.png\" \/><\/p>\n<p><img decoding=\"async\" title=\"bon\u00e9 de camionista-azul-escuro\" src=\"https:\/\/infinitri.be\/wp-content\/uploads\/2023\/02\/trucker-cap-dark-blue-545x545.jpg\" alt=\"trucker-cap-dark-blue\" width=\"545\" height=\"545\" \/><!--\/themify_builder_static--><\/p>","protected":false},"excerpt":{"rendered":"<p>Bon\u00e9 elegante com pala curva para um look descontra\u00eddo antes e depois do treino.<\/p>","protected":false},"featured_media":37214,"comment_status":"open","ping_status":"closed","template":"","meta":[],"product_brand":[329],"product_cat":[40,156],"product_tag":[],"class_list":{"0":"post-37181","1":"product","2":"type-product","3":"status-publish","4":"has-post-thumbnail","6":"product_brand-compressport","7":"product_cat-accessoires","8":"product_cat-casquettes-visieres-headband","9":"zank_product_brands-compressport","10":"nt-post-class","11":"","17":"first","18":"instock","19":"taxable","20":"shipping-taxable","21":"purchasable","22":"product-type-simple"},"_links":{"self":[{"href":"https:\/\/www.infinitri.be\/pt\/wp-json\/wp\/v2\/product\/37181","targetHints":{"allow":["GET"]}}],"collection":[{"href":"https:\/\/www.infinitri.be\/pt\/wp-json\/wp\/v2\/product"}],"about":[{"href":"https:\/\/www.infinitri.be\/pt\/wp-json\/wp\/v2\/types\/product"}],"replies":[{"embeddable":true,"href":"https:\/\/www.infinitri.be\/pt\/wp-json\/wp\/v2\/comments?post=37181"}],"wp:featuredmedia":[{"embeddable":true,"href":"https:\/\/www.infinitri.be\/pt\/wp-json\/wp\/v2\/media\/37214"}],"wp:attachment":[{"href":"https:\/\/www.infinitri.be\/pt\/wp-json\/wp\/v2\/media?parent=37181"}],"wp:term":[{"taxonomy":"product_brand","embeddable":true,"href":"https:\/\/www.infinitri.be\/pt\/wp-json\/wp\/v2\/product_brand?post=37181"},{"taxonomy":"product_cat","embeddable":true,"href":"https:\/\/www.infinitri.be\/pt\/wp-json\/wp\/v2\/product_cat?post=37181"},{"taxonomy":"product_tag","embeddable":true,"href":"https:\/\/www.infinitri.be\/pt\/wp-json\/wp\/v2\/product_tag?post=37181"}],"curies":[{"name":"wp","href":"https:\/\/api.w.org\/{rel}","templated":true}]}}