{"id":37201,"date":"2025-12-27T13:00:29","date_gmt":"2025-12-27T13:00:29","guid":{"rendered":"https:\/\/www.infinitri.be\/?post_type=product&#038;p=37201"},"modified":"2026-04-04T17:33:20","modified_gmt":"2026-04-04T16:33:20","slug":"compressport-trail-racing-2-in-1-short-homme-green-camo","status":"publish","type":"product","link":"https:\/\/www.infinitri.be\/pt\/produto\/compressport-trail-racing-2-in-1-short-homme-green-camo\/","title":{"rendered":"Cal\u00e7\u00f5es Compressport Trail Racing 2 em 1 para homem Verde camuflado"},"content":{"rendered":"<p>Os novos cal\u00e7\u00f5es interiores boxer, totalmente tricotados, oferecem uma respirabilidade m\u00e1xima e t\u00eam uma estrutura espec\u00edfica para um melhor apoio durante a corrida. Gra\u00e7as \u00e0 cintura de alta tecnologia, que \u00e9 uma extens\u00e3o destes cal\u00e7\u00f5es interiores, tudo se mant\u00e9m no s\u00edtio, mesmo quando se acelera o ritmo. Cord\u00e3o para ajustar uniformemente os cal\u00e7\u00f5es para um conforto perfeito.<\/p>\n<p>O cinto de trail envolvente \u00e9 feito de malha el\u00e1stica e respir\u00e1vel com tr\u00eas compartimentos: basta puxar uma das abas de f\u00e1cil acesso para pegar nos seus artigos essenciais para o trail, como g\u00e9is, telem\u00f3vel ou garrafa de \u00e1gua.<\/p>\n<p>O bolso traseiro oculto com fecho invis\u00edvel permite-lhe guardar os seus objectos de valor em seguran\u00e7a. A camada exterior dos cal\u00e7\u00f5es \u00e9 fabricada com uma membrana extremamente leve e de secagem r\u00e1pida que n\u00e3o o puxa para baixo, com um ajuste solto para total liberdade de movimentos e um aspeto descontra\u00eddo na pista.  Experimentados e testados em todos os terrenos, estes cal\u00e7\u00f5es foram concebidos para minimizar as irrita\u00e7\u00f5es e otimizar a fun\u00e7\u00e3o e o ajuste. Quer esteja a ir para os trilhos para uma corrida r\u00e1pida ou a tentar ultrapassar os seus limites num exigente trilho de montanha, os cal\u00e7\u00f5es Trail Racing 2-In-1 s\u00e3o a op\u00e7\u00e3o ideal para acumular quil\u00f3metros e mudan\u00e7as de altitude.<\/p>\n<div class=\"col-md-3\"><span class=\"d-block d-md-block text-center text-md-left\"><img decoding=\"async\" class=\"chart-table-img img-fluid\" src=\"https:\/\/www.compressport.com\/inter\/modules\/sizeconversion\/views\/img\/BOTTOM%20HOMME.png\" \/><\/span><\/div>\n<div class=\"col-md-9\">\n<div class=\"table-responsive-md\">\n<table id=\"chart_table_59\" class=\"table table-striped table-bordered text-center chart-table\">\n<thead class=\"thead-default\">\n<tr class=\"big_size\">\n<th><\/th>\n<th id=\"conversion_group_240\" colspan=\"1\">Tamanho<\/th>\n<th id=\"conversion_group_241\" colspan=\"1\">Ancas<\/th>\n<\/tr>\n<\/thead>\n<tbody>\n<tr class=\"chart-table-row\">\n<th class=\"cc-name\">XS<\/th>\n<td>70 - 75cm<\/td>\n<td>83 - 88cm<\/td>\n<\/tr>\n<tr class=\"chart-table-row\">\n<th class=\"cc-name\">S<\/th>\n<td>76 - 81cm<\/td>\n<td>89 - 94cm<\/td>\n<\/tr>\n<tr class=\"chart-table-row\">\n<th class=\"cc-name\">M<\/th>\n<td>82 - 87cm<\/td>\n<td>95 - 100cm<\/td>\n<\/tr>\n<tr class=\"chart-table-row\">\n<th class=\"cc-name\">L<\/th>\n<td>88 - 93cm<\/td>\n<td>101 - 106cm<\/td>\n<\/tr>\n<tr class=\"chart-table-row\">\n<th class=\"cc-name\">XL<\/th>\n<td>94 - 99cm<\/td>\n<td>107 - 112cm<\/td>\n<\/tr>\n<\/tbody>\n<\/table>\n<\/div>\n<div style=\"width: 960px;\" class=\"wp-video\"><video class=\"wp-video-shortcode\" id=\"video-37201-1\" width=\"960\" height=\"540\" preload=\"metadata\" controls=\"controls\"><source type=\"video\/mp4\" src=\"https:\/\/infinitri.be\/wp-content\/uploads\/2025\/03\/Trail-Racing-2-1-Short-M.mp4?_=1\" \/><a href=\"https:\/\/infinitri.be\/wp-content\/uploads\/2025\/03\/Trail-Racing-2-1-Short-M.mp4\">https:\/\/infinitri.be\/wp-content\/uploads\/2025\/03\/Trail-Racing-2-1-Short-M.mp4<\/a><\/video><\/div>\n<\/div>","protected":false},"excerpt":{"rendered":"<p>O Compressport Trail Racing 2-In-1 Short \u00e9 uma combina\u00e7\u00e3o leve de cal\u00e7\u00f5es e cal\u00e7\u00f5es de corrida de trail com cintura integrada, perfeita para o seu pr\u00f3ximo desafio de montanha.<\/p>","protected":false},"featured_media":37234,"comment_status":"open","ping_status":"closed","template":"","meta":[],"product_brand":[329],"product_cat":[16,18],"product_tag":[],"class_list":{"0":"post-37201","1":"product","2":"type-product","3":"status-publish","4":"has-post-thumbnail","6":"product_brand-compressport","7":"product_cat-course","8":"product_cat-shorts-collants","9":"zank_product_brands-compressport","10":"nt-post-class","11":"","17":"first","18":"instock","19":"taxable","20":"shipping-taxable","21":"purchasable","22":"product-type-variable"},"_links":{"self":[{"href":"https:\/\/www.infinitri.be\/pt\/wp-json\/wp\/v2\/product\/37201","targetHints":{"allow":["GET"]}}],"collection":[{"href":"https:\/\/www.infinitri.be\/pt\/wp-json\/wp\/v2\/product"}],"about":[{"href":"https:\/\/www.infinitri.be\/pt\/wp-json\/wp\/v2\/types\/product"}],"replies":[{"embeddable":true,"href":"https:\/\/www.infinitri.be\/pt\/wp-json\/wp\/v2\/comments?post=37201"}],"wp:featuredmedia":[{"embeddable":true,"href":"https:\/\/www.infinitri.be\/pt\/wp-json\/wp\/v2\/media\/37234"}],"wp:attachment":[{"href":"https:\/\/www.infinitri.be\/pt\/wp-json\/wp\/v2\/media?parent=37201"}],"wp:term":[{"taxonomy":"product_brand","embeddable":true,"href":"https:\/\/www.infinitri.be\/pt\/wp-json\/wp\/v2\/product_brand?post=37201"},{"taxonomy":"product_cat","embeddable":true,"href":"https:\/\/www.infinitri.be\/pt\/wp-json\/wp\/v2\/product_cat?post=37201"},{"taxonomy":"product_tag","embeddable":true,"href":"https:\/\/www.infinitri.be\/pt\/wp-json\/wp\/v2\/product_tag?post=37201"}],"curies":[{"name":"wp","href":"https:\/\/api.w.org\/{rel}","templated":true}]}}