{"id":37205,"date":"2025-12-27T13:00:30","date_gmt":"2025-12-27T13:00:30","guid":{"rendered":"https:\/\/www.infinitri.be\/?post_type=product&#038;p=37205"},"modified":"2026-04-04T17:33:20","modified_gmt":"2026-04-04T16:33:20","slug":"compressport-racing-ss-tshirt-homme-fluo-red","status":"publish","type":"product","link":"https:\/\/www.infinitri.be\/pt\/produto\/compressport-racing-ss-tshirt-homme-fluo-red\/","title":{"rendered":"Camiseta Compressport Racing SS Masculina Fluo Red"},"content":{"rendered":"<p>&#8216;-T-shirt Compressport Pro Racing : Con\u00e7u pour les coureurs de comp\u00e9tition, il offre une l\u00e9g\u00e8ret\u00e9 in\u00e9gal\u00e9e pour des performances optimales.<br \/>\n-Ventilation maximale : Tissu \u00e0 motifs d&#8217;oxyg\u00e8ne avec des ouvertures strat\u00e9giques pour une \u00e9vaporation efficace de la sueur.<br \/>\n-Protection et confort : Tissu doux et anti-frottement sur les mamelons, coutures plates et encolure ronde pour minimiser les irritations.<\/p>\n<div class=\"col-md-3\"><span class=\"d-block d-md-block text-center text-md-left\"><img fetchpriority=\"high\" decoding=\"async\" class=\"chart-table-img img-fluid\" src=\"https:\/\/www.compressport.com\/inter\/modules\/sizeconversion\/views\/img\/TOP%20HOMME.jpg\" width=\"288\" height=\"384\" \/><\/span><\/div>\n<div class=\"col-md-9\">\n<div class=\"table-responsive-md\">\n<table id=\"chart_table_58\" class=\"table table-striped table-bordered text-center chart-table\">\n<thead class=\"thead-default\">\n<tr class=\"big_size\">\n<th><\/th>\n<th id=\"conversion_group_225\" colspan=\"1\">Peito<\/th>\n<th id=\"conversion_group_226\" colspan=\"1\">Tamanho<\/th>\n<th id=\"conversion_group_227\" colspan=\"1\">Ancas<\/th>\n<\/tr>\n<\/thead>\n<tbody>\n<tr class=\"chart-table-row\">\n<th class=\"cc-name\">XS<\/th>\n<td>84 - 89cm<\/td>\n<td>70 - 75cm<\/td>\n<td>83 - 88cm<\/td>\n<\/tr>\n<tr class=\"chart-table-row\">\n<th class=\"cc-name\">S<\/th>\n<td>90 - 95cm<\/td>\n<td>76 - 81cm<\/td>\n<td>89-94cm<\/td>\n<\/tr>\n<tr class=\"chart-table-row\">\n<th class=\"cc-name\">M<\/th>\n<td>96 - 101cm<\/td>\n<td>82 - 87cm<\/td>\n<td>95-100cm<\/td>\n<\/tr>\n<tr class=\"chart-table-row\">\n<th class=\"cc-name\">L<\/th>\n<td>102 - 107cm<\/td>\n<td>88 - 93cm<\/td>\n<td>101 - 106cm<\/td>\n<\/tr>\n<tr class=\"chart-table-row\">\n<th class=\"cc-name\">XL<\/th>\n<td>108 - 113cm<\/td>\n<td>94 - 99cm<\/td>\n<td>107 - 112cm<\/td>\n<\/tr>\n<\/tbody>\n<\/table>\n<\/div>\n<div style=\"width: 960px;\" class=\"wp-video\"><video class=\"wp-video-shortcode\" id=\"video-37205-1\" width=\"960\" height=\"721\" preload=\"metadata\" controls=\"controls\"><source type=\"video\/mp4\" src=\"https:\/\/infinitri.be\/wp-content\/uploads\/2025\/03\/PRO-RACING-SS-TSHIRT-M2560-x-1922.mp4?_=1\" \/><a href=\"https:\/\/infinitri.be\/wp-content\/uploads\/2025\/03\/PRO-RACING-SS-TSHIRT-M2560-x-1922.mp4\">https:\/\/infinitri.be\/wp-content\/uploads\/2025\/03\/PRO-RACING-SS-TSHIRT-M2560-x-1922.mp4<\/a><\/video><\/div>\n<\/div>","protected":false},"excerpt":{"rendered":"<p>T-shirt de running haut de gamme poids plume pour une ventilation maximale lors des efforts intenses par temps chaud.<\/p>","protected":false},"featured_media":30358,"comment_status":"open","ping_status":"closed","template":"","meta":[],"product_brand":[329],"product_cat":[16,29],"product_tag":[],"class_list":{"0":"post-37205","1":"product","2":"type-product","3":"status-publish","4":"has-post-thumbnail","6":"product_brand-compressport","7":"product_cat-course","8":"product_cat-vestes-et-t-shirts","9":"zank_product_brands-compressport","10":"nt-post-class","11":"","17":"first","18":"instock","19":"taxable","20":"shipping-taxable","21":"product-type-variable"},"_links":{"self":[{"href":"https:\/\/www.infinitri.be\/pt\/wp-json\/wp\/v2\/product\/37205","targetHints":{"allow":["GET"]}}],"collection":[{"href":"https:\/\/www.infinitri.be\/pt\/wp-json\/wp\/v2\/product"}],"about":[{"href":"https:\/\/www.infinitri.be\/pt\/wp-json\/wp\/v2\/types\/product"}],"replies":[{"embeddable":true,"href":"https:\/\/www.infinitri.be\/pt\/wp-json\/wp\/v2\/comments?post=37205"}],"wp:featuredmedia":[{"embeddable":true,"href":"https:\/\/www.infinitri.be\/pt\/wp-json\/wp\/v2\/media\/30358"}],"wp:attachment":[{"href":"https:\/\/www.infinitri.be\/pt\/wp-json\/wp\/v2\/media?parent=37205"}],"wp:term":[{"taxonomy":"product_brand","embeddable":true,"href":"https:\/\/www.infinitri.be\/pt\/wp-json\/wp\/v2\/product_brand?post=37205"},{"taxonomy":"product_cat","embeddable":true,"href":"https:\/\/www.infinitri.be\/pt\/wp-json\/wp\/v2\/product_cat?post=37205"},{"taxonomy":"product_tag","embeddable":true,"href":"https:\/\/www.infinitri.be\/pt\/wp-json\/wp\/v2\/product_tag?post=37205"}],"curies":[{"name":"wp","href":"https:\/\/api.w.org\/{rel}","templated":true}]}}