{"id":37249,"date":"2025-12-27T13:35:24","date_gmt":"2025-12-27T13:35:24","guid":{"rendered":"https:\/\/www.infinitri.be\/?post_type=product&#038;p=37249"},"modified":"2026-04-04T17:31:28","modified_gmt":"2026-04-04T16:31:28","slug":"arena-spiky-iii-duffle-40-navy-yellow","status":"publish","type":"product","link":"https:\/\/www.infinitri.be\/pt\/produto\/arena-spiky-iii-duffle-40-navy-yellow\/","title":{"rendered":"Arena - Spiky III Duffle 40 amarelo-marinho"},"content":{"rendered":"<p>Espa\u00e7oso e robusto, o Spiky III Duffle Bag 40 da arena tem uma capacidade de 40 litros e \u00e9 ideal para uma variedade de actividades desportivas. Tem um compartimento principal espa\u00e7oso, bolsos laterais para roupa molhada e um pequeno bolso lateral para objectos pequenos. O seu material repelente de \u00e1gua e as inser\u00e7\u00f5es de malha respir\u00e1vel garantem uma excelente regula\u00e7\u00e3o da humidade. Gra\u00e7as \u00e0 sua al\u00e7a de ombro acolchoada e ajust\u00e1vel e \u00e0s pegas pr\u00e1ticas, o saco \u00e9 confort\u00e1vel de transportar. Dimens\u00f5es: 28 x 50 x 28 cm.<\/p>\n<p>&nbsp;<\/p>","protected":false},"excerpt":{"rendered":"<p>Saco de banho de 40 litros<\/p>","protected":false},"featured_media":37255,"comment_status":"open","ping_status":"closed","template":"","meta":[],"product_brand":[326],"product_cat":[40,41,58],"product_tag":[],"class_list":{"0":"post-37249","1":"product","2":"type-product","3":"status-publish","4":"has-post-thumbnail","6":"product_brand-arena","7":"product_cat-accessoires","8":"product_cat-natation","9":"product_cat-sacs","10":"zank_product_brands-arena","11":"nt-post-class","12":"","18":"first","19":"instock","20":"sale","21":"taxable","22":"shipping-taxable","23":"purchasable","24":"product-type-simple"},"_links":{"self":[{"href":"https:\/\/www.infinitri.be\/pt\/wp-json\/wp\/v2\/product\/37249","targetHints":{"allow":["GET"]}}],"collection":[{"href":"https:\/\/www.infinitri.be\/pt\/wp-json\/wp\/v2\/product"}],"about":[{"href":"https:\/\/www.infinitri.be\/pt\/wp-json\/wp\/v2\/types\/product"}],"replies":[{"embeddable":true,"href":"https:\/\/www.infinitri.be\/pt\/wp-json\/wp\/v2\/comments?post=37249"}],"wp:featuredmedia":[{"embeddable":true,"href":"https:\/\/www.infinitri.be\/pt\/wp-json\/wp\/v2\/media\/37255"}],"wp:attachment":[{"href":"https:\/\/www.infinitri.be\/pt\/wp-json\/wp\/v2\/media?parent=37249"}],"wp:term":[{"taxonomy":"product_brand","embeddable":true,"href":"https:\/\/www.infinitri.be\/pt\/wp-json\/wp\/v2\/product_brand?post=37249"},{"taxonomy":"product_cat","embeddable":true,"href":"https:\/\/www.infinitri.be\/pt\/wp-json\/wp\/v2\/product_cat?post=37249"},{"taxonomy":"product_tag","embeddable":true,"href":"https:\/\/www.infinitri.be\/pt\/wp-json\/wp\/v2\/product_tag?post=37249"}],"curies":[{"name":"wp","href":"https:\/\/api.w.org\/{rel}","templated":true}]}}