{"id":40051,"date":"2026-02-12T20:07:42","date_gmt":"2026-02-12T20:07:42","guid":{"rendered":"https:\/\/www.infinitri.be\/?post_type=product&#038;p=40051"},"modified":"2026-04-04T17:31:19","modified_gmt":"2026-04-04T16:31:19","slug":"arena-air-sonic-mirror-emerald-peacock","status":"publish","type":"product","link":"https:\/\/www.infinitri.be\/pt\/produto\/arena-air-sonic-mirror-emerald-peacock\/","title":{"rendered":"Arena &#8211; Air Sonic Mirror Emerald Peacock"},"content":{"rendered":"<div class=\"otQkpb\" role=\"heading\" data-animation-nesting=\"\" data-sfc-cp=\"\" data-complete=\"true\" data-processed=\"true\" data-sae=\"\"><\/div>\n<div class=\"Y3BBE\" data-sfc-cp=\"\" data-hveid=\"CAEIBRAA\" data-processed=\"true\" data-complete=\"true\">Ces lunettes se distinguent par leur technologie de joint innovante, con\u00e7ue pour minimiser la pression autour des yeux.<span class=\"uJ19be notranslate\" data-wiz-uids=\"BhfxX_v,BhfxX_w\" data-complete=\"true\"><span class=\"vKEkVd\" data-animation-atomic=\"\" data-wiz-attrbind=\"class=BhfxX_u\/TKHnVd\" data-sae=\"\"><span aria-hidden=\"true\">\u00a0<\/span><\/span><\/span><\/div>\n<ul class=\"KsbFXc U6u95\" data-complete=\"true\" data-processed=\"true\">\n<li data-hveid=\"CAEIBhAA\" data-complete=\"true\" data-sae=\"\"><span class=\"T286Pc\" data-sfc-cp=\"\" data-complete=\"true\"><strong class=\"Yjhzub\" data-complete=\"true\">Technologie CloudFlex\/Air Seals :<\/strong>\u00a0C&#8217;est la caract\u00e9ristique principale. Les joints en &#8220;nid d&#8217;abeille&#8221; ou &#8220;cubiques&#8221; se compriment pour s&#8217;adapter \u00e0 la forme du visage, r\u00e9duisant ainsi la pression et les marques inesth\u00e9tiques autour des yeux, m\u00eame pendant de longues sessions.<\/span><\/li>\n<li data-hveid=\"CAEIBhAB\" data-complete=\"true\" data-sae=\"\"><span class=\"T286Pc\" data-sfc-cp=\"\" data-complete=\"true\"><strong class=\"Yjhzub\" data-complete=\"true\">Confort et L\u00e9g\u00e8ret\u00e9 :<\/strong>\u00a0La conception flexible et le poids r\u00e9duit visent un ajustement l\u00e9ger, stable et confortable.<\/span><\/li>\n<li data-hveid=\"CAEIBhAC\" data-complete=\"true\" data-sae=\"\"><span class=\"T286Pc\" data-sfc-cp=\"\" data-complete=\"true\"><strong class=\"Yjhzub\" data-complete=\"true\">Performance et Approbation :<\/strong>\u00a0Ce sont des lunettes de comp\u00e9tition, approuv\u00e9es par\u00a0<strong class=\"Yjhzub\" data-complete=\"true\">World Aquatics (FINA)<\/strong>, ce qui signifie qu&#8217;elles peuvent \u00eatre utilis\u00e9es lors d&#8217;\u00e9v\u00e9nements officiels.<\/span><\/li>\n<li data-hveid=\"CAEIBhAD\" data-complete=\"true\" data-sae=\"\"><span class=\"T286Pc\" data-sfc-cp=\"\" data-complete=\"true\"><strong class=\"Yjhzub\" data-complete=\"true\">Vision :<\/strong>\u00a0Elles offrent un\u00a0<strong class=\"Yjhzub\" data-complete=\"true\">large champ de vision<\/strong>, ce qui am\u00e9liore la perception p\u00e9riph\u00e9rique dans l&#8217;eau.<\/span><\/li>\n<li data-hveid=\"CAEIBhAE\" data-complete=\"true\" data-sae=\"\"><span class=\"T286Pc\" data-sfc-cp=\"\" data-complete=\"true\"><strong class=\"Yjhzub\" data-complete=\"true\">Verres :<\/strong>\u00a0Disponibles en version standard et\u00a0<strong class=\"Yjhzub\" data-complete=\"true\">&#8220;Mirror&#8221; (miroir)<\/strong>. Les versions miroir sont id\u00e9ales pour l&#8217;entra\u00eenement en ext\u00e9rieur ou dans des piscines tr\u00e8s \u00e9clair\u00e9es car elles r\u00e9duisent consid\u00e9rablement l&#8217;\u00e9blouissement. Elles sont \u00e9galement dot\u00e9es d&#8217;un traitement anti-bu\u00e9e<\/span><\/li>\n<\/ul>","protected":false},"excerpt":{"rendered":"<p>Ces lunettes sont con\u00e7ues pour les nageurs r\u00e9guliers \u00e0 intensifs qui recherchent un\u00a0<strong class=\"Yjhzub\" data-complete=\"true\">confort maximal<\/strong>\u00a0et des\u00a0<strong class=\"Yjhzub\" data-complete=\"true\">performances de comp\u00e9tition<\/strong>.<\/p>","protected":false},"featured_media":40052,"comment_status":"open","ping_status":"closed","template":"","meta":[],"product_brand":[326],"product_cat":[54,55,56,41],"product_tag":[],"class_list":{"0":"post-40051","1":"product","2":"type-product","3":"status-publish","4":"has-post-thumbnail","6":"product_brand-arena","7":"product_cat-lunettes","8":"product_cat-lunettes-natation","9":"product_cat-lunettes-triathlon","10":"product_cat-natation","11":"zank_product_brands-arena","12":"nt-post-class","13":"","19":"first","20":"instock","21":"taxable","22":"shipping-taxable","23":"purchasable","24":"product-type-simple"},"_links":{"self":[{"href":"https:\/\/www.infinitri.be\/pt\/wp-json\/wp\/v2\/product\/40051","targetHints":{"allow":["GET"]}}],"collection":[{"href":"https:\/\/www.infinitri.be\/pt\/wp-json\/wp\/v2\/product"}],"about":[{"href":"https:\/\/www.infinitri.be\/pt\/wp-json\/wp\/v2\/types\/product"}],"replies":[{"embeddable":true,"href":"https:\/\/www.infinitri.be\/pt\/wp-json\/wp\/v2\/comments?post=40051"}],"wp:featuredmedia":[{"embeddable":true,"href":"https:\/\/www.infinitri.be\/pt\/wp-json\/wp\/v2\/media\/40052"}],"wp:attachment":[{"href":"https:\/\/www.infinitri.be\/pt\/wp-json\/wp\/v2\/media?parent=40051"}],"wp:term":[{"taxonomy":"product_brand","embeddable":true,"href":"https:\/\/www.infinitri.be\/pt\/wp-json\/wp\/v2\/product_brand?post=40051"},{"taxonomy":"product_cat","embeddable":true,"href":"https:\/\/www.infinitri.be\/pt\/wp-json\/wp\/v2\/product_cat?post=40051"},{"taxonomy":"product_tag","embeddable":true,"href":"https:\/\/www.infinitri.be\/pt\/wp-json\/wp\/v2\/product_tag?post=40051"}],"curies":[{"name":"wp","href":"https:\/\/api.w.org\/{rel}","templated":true}]}}