{"id":40262,"date":"2026-03-07T15:07:54","date_gmt":"2026-03-07T14:07:54","guid":{"rendered":"https:\/\/www.infinitri.be\/?post_type=product&#038;p=40262"},"modified":"2026-04-04T17:31:11","modified_gmt":"2026-04-04T16:31:11","slug":"arena-one-go-backpack-45-l-collage","status":"publish","type":"product","link":"https:\/\/www.infinitri.be\/pt\/produto\/arena-one-go-backpack-45-l-collage\/","title":{"rendered":"Arena &#8211; One Go Backpack 45 L collage"},"content":{"rendered":"<p>A mochila Arena One Go Allover 45L \u00e9 uma mochila grande e moderna, ideal para nata\u00e7\u00e3o, desporto, lazer e viagens. Oferece muito espa\u00e7o e f\u00e1cil acesso a todo o seu equipamento com um design de carregamento superior. Inclui o Aquabreathe, o sistema de gest\u00e3o da humidade que mant\u00e9m o equipamento seco atrav\u00e9s da combina\u00e7\u00e3o de tecidos respir\u00e1veis e repelentes de \u00e1gua. Tem um compartimento principal espa\u00e7oso e quatro bolsos exteriores com fecho de correr para organizar separadamente os artigos h\u00famidos e secos. Inclui um bolso inteligente para port\u00e1til, dois bolsos exteriores para garrafas, um mosquet\u00e3o para pendurar e uma correia para prender a uma mala. O tecido principal e o fundo s\u00e3o repelentes \u00e0 \u00e1gua e o painel traseiro \u00e9 respir\u00e1vel para um transporte confort\u00e1vel.<\/p>\n<p><b>Caracter\u00edsticas:<\/b><\/p>\n<ul>\n<li>Sistema de controlo da humidade Aquabreathe<\/li>\n<li>Compartimento principal espa\u00e7oso<\/li>\n<li>Quatro bolsos exteriores com fecho de correr \u00e0 frente<\/li>\n<li>Inser\u00e7\u00f5es para separar objectos h\u00famidos e secos<\/li>\n<li>Bolso inteligente para computador port\u00e1til<\/li>\n<li>Dois bolsos exteriores para garrafas<\/li>\n<li>Gancho de encaixe para pendurar<\/li>\n<li>Correia para prender a uma mala<\/li>\n<li>Tecido principal e base repelentes de \u00e1gua<\/li>\n<li>Painel traseiro respir\u00e1vel<\/li>\n<\/ul>","protected":false},"excerpt":{"rendered":"<p>A mochila Arena One Go Allover 45L \u00e9 o seu aliado perfeito para as aventuras! Com o seu sistema Aquabreathe e os seus m\u00faltiplos compartimentos, manter\u00e1 o seu equipamento seco e organizado. Ideal para nadadores, viajantes e desportistas.<\/p>","protected":false},"featured_media":40263,"comment_status":"open","ping_status":"closed","template":"","meta":[],"product_brand":[326],"product_cat":[40,41,58],"product_tag":[],"class_list":{"0":"post-40262","1":"product","2":"type-product","3":"status-publish","4":"has-post-thumbnail","6":"product_brand-arena","7":"product_cat-accessoires","8":"product_cat-natation","9":"product_cat-sacs","10":"zank_product_brands-arena","11":"nt-post-class","12":"","18":"first","19":"instock","20":"taxable","21":"shipping-taxable","22":"purchasable","23":"product-type-simple"},"_links":{"self":[{"href":"https:\/\/www.infinitri.be\/pt\/wp-json\/wp\/v2\/product\/40262","targetHints":{"allow":["GET"]}}],"collection":[{"href":"https:\/\/www.infinitri.be\/pt\/wp-json\/wp\/v2\/product"}],"about":[{"href":"https:\/\/www.infinitri.be\/pt\/wp-json\/wp\/v2\/types\/product"}],"replies":[{"embeddable":true,"href":"https:\/\/www.infinitri.be\/pt\/wp-json\/wp\/v2\/comments?post=40262"}],"wp:featuredmedia":[{"embeddable":true,"href":"https:\/\/www.infinitri.be\/pt\/wp-json\/wp\/v2\/media\/40263"}],"wp:attachment":[{"href":"https:\/\/www.infinitri.be\/pt\/wp-json\/wp\/v2\/media?parent=40262"}],"wp:term":[{"taxonomy":"product_brand","embeddable":true,"href":"https:\/\/www.infinitri.be\/pt\/wp-json\/wp\/v2\/product_brand?post=40262"},{"taxonomy":"product_cat","embeddable":true,"href":"https:\/\/www.infinitri.be\/pt\/wp-json\/wp\/v2\/product_cat?post=40262"},{"taxonomy":"product_tag","embeddable":true,"href":"https:\/\/www.infinitri.be\/pt\/wp-json\/wp\/v2\/product_tag?post=40262"}],"curies":[{"name":"wp","href":"https:\/\/api.w.org\/{rel}","templated":true}]}}