{"id":46533,"date":"2026-04-04T12:38:32","date_gmt":"2026-04-04T11:38:32","guid":{"rendered":"https:\/\/www.infinitri.be\/?post_type=product&#038;p=46533"},"modified":"2026-04-12T11:31:45","modified_gmt":"2026-04-12T10:31:45","slug":"arena-powerskin-st-next-edition-geranium-femme","status":"publish","type":"product","link":"https:\/\/www.infinitri.be\/pt\/produto\/arena-powerskin-st-next-edition-geranium-femme\/","title":{"rendered":"Arena &#8211; Powerskin ST Next Edition Geranium &#8211; Femme"},"content":{"rendered":"<p>Edition limit\u00e9e du maillot de comp\u00e9tition ST-NEXT.<br \/>\nCon\u00e7u pour vous offrir une compression optimale course apr\u00e8s course, ce maillot de bain pour femme absorbe moins d&#8217;eau pour encore plus de l\u00e9g\u00e8ret\u00e9. La conception \u00e0 coutures plates assure un hydrodynamisme parfait et comporte des bretelles renforc\u00e9es pour un confort accru et une durabilit\u00e9 maximale. Approuv\u00e9 par la FINA.<\/p>\n<p><!--themify_builder_static--><\/p>\n<p><!--\/themify_builder_static--><\/p>","protected":false},"excerpt":{"rendered":"<p>Une nouvelle g\u00e9n\u00e9ration de combinaisons de course a \u00e9t\u00e9 d\u00e9velopp\u00e9e ! Notre Powerskin ST Next est fabriqu\u00e9 \u00e0 partir de plus de 60 % de fibres recycl\u00e9es provenant de d\u00e9chets qui, autrement, auraient fini dans une d\u00e9charge. Cette \u00e9dition limit\u00e9e exclusive c\u00e9l\u00e8bre et promeut la durabilit\u00e9 \u00e0 travers un tissu qui respecte la mer .<\/p>","protected":false},"featured_media":46539,"comment_status":"open","ping_status":"closed","template":"","meta":[],"product_brand":[326],"product_cat":[60,126,41],"product_tag":[204],"class_list":{"0":"post-46533","1":"product","2":"type-product","3":"status-publish","4":"has-post-thumbnail","6":"product_brand-arena","7":"product_cat-fina","8":"product_cat-maillot-competition","9":"product_cat-natation","10":"product_tag-edition-limitee-caiman","11":"zank_product_brands-arena","12":"nt-post-class","13":"","19":"first","20":"instock","21":"taxable","22":"shipping-taxable","23":"purchasable","24":"product-type-variable"},"_links":{"self":[{"href":"https:\/\/www.infinitri.be\/pt\/wp-json\/wp\/v2\/product\/46533","targetHints":{"allow":["GET"]}}],"collection":[{"href":"https:\/\/www.infinitri.be\/pt\/wp-json\/wp\/v2\/product"}],"about":[{"href":"https:\/\/www.infinitri.be\/pt\/wp-json\/wp\/v2\/types\/product"}],"replies":[{"embeddable":true,"href":"https:\/\/www.infinitri.be\/pt\/wp-json\/wp\/v2\/comments?post=46533"}],"wp:featuredmedia":[{"embeddable":true,"href":"https:\/\/www.infinitri.be\/pt\/wp-json\/wp\/v2\/media\/46539"}],"wp:attachment":[{"href":"https:\/\/www.infinitri.be\/pt\/wp-json\/wp\/v2\/media?parent=46533"}],"wp:term":[{"taxonomy":"product_brand","embeddable":true,"href":"https:\/\/www.infinitri.be\/pt\/wp-json\/wp\/v2\/product_brand?post=46533"},{"taxonomy":"product_cat","embeddable":true,"href":"https:\/\/www.infinitri.be\/pt\/wp-json\/wp\/v2\/product_cat?post=46533"},{"taxonomy":"product_tag","embeddable":true,"href":"https:\/\/www.infinitri.be\/pt\/wp-json\/wp\/v2\/product_tag?post=46533"}],"curies":[{"name":"wp","href":"https:\/\/api.w.org\/{rel}","templated":true}]}}