{"id":46571,"date":"2026-04-04T13:37:51","date_gmt":"2026-04-04T12:37:51","guid":{"rendered":"https:\/\/www.infinitri.be\/?post_type=product&#038;p=46571"},"modified":"2026-04-04T17:31:11","modified_gmt":"2026-04-04T16:31:11","slug":"arena-laptop-backpack","status":"publish","type":"product","link":"https:\/\/www.infinitri.be\/pt\/produto\/arena-laptop-backpack\/","title":{"rendered":"Arena &#8211; Laptop backpack"},"content":{"rendered":"","protected":false},"excerpt":{"rendered":"<p>Ce nouveau sac \u00e0 dos urbain et \u00e9l\u00e9gant est \u00e0 l&#8217;aise dans la rue. Avec une combinaison optimale d&#8217;esth\u00e9tique, de maniabilit\u00e9 et de r\u00e9sistance, ce sac \u00e0 dos pour ordinateur portable est le compagnon id\u00e9al pour le bureau. Grand compartiment extra-rembourr\u00e9 pour ordinateurs portables jusqu&#8217;\u00e0 15&#8221;. Espace de rangement suppl\u00e9mentaire gr\u00e2ce aux diverses poches lat\u00e9rales, dont certaines peuvent \u00eatre ferm\u00e9es.<\/p>","protected":false},"featured_media":46572,"comment_status":"open","ping_status":"closed","template":"","meta":[],"product_brand":[326],"product_cat":[40,41,58],"product_tag":[],"class_list":{"0":"post-46571","1":"product","2":"type-product","3":"status-publish","4":"has-post-thumbnail","6":"product_brand-arena","7":"product_cat-accessoires","8":"product_cat-natation","9":"product_cat-sacs","10":"zank_product_brands-arena","11":"nt-post-class","12":"","18":"first","19":"instock","20":"sale","21":"taxable","22":"shipping-taxable","23":"purchasable","24":"product-type-simple"},"_links":{"self":[{"href":"https:\/\/www.infinitri.be\/pt\/wp-json\/wp\/v2\/product\/46571","targetHints":{"allow":["GET"]}}],"collection":[{"href":"https:\/\/www.infinitri.be\/pt\/wp-json\/wp\/v2\/product"}],"about":[{"href":"https:\/\/www.infinitri.be\/pt\/wp-json\/wp\/v2\/types\/product"}],"replies":[{"embeddable":true,"href":"https:\/\/www.infinitri.be\/pt\/wp-json\/wp\/v2\/comments?post=46571"}],"wp:featuredmedia":[{"embeddable":true,"href":"https:\/\/www.infinitri.be\/pt\/wp-json\/wp\/v2\/media\/46572"}],"wp:attachment":[{"href":"https:\/\/www.infinitri.be\/pt\/wp-json\/wp\/v2\/media?parent=46571"}],"wp:term":[{"taxonomy":"product_brand","embeddable":true,"href":"https:\/\/www.infinitri.be\/pt\/wp-json\/wp\/v2\/product_brand?post=46571"},{"taxonomy":"product_cat","embeddable":true,"href":"https:\/\/www.infinitri.be\/pt\/wp-json\/wp\/v2\/product_cat?post=46571"},{"taxonomy":"product_tag","embeddable":true,"href":"https:\/\/www.infinitri.be\/pt\/wp-json\/wp\/v2\/product_tag?post=46571"}],"curies":[{"name":"wp","href":"https:\/\/api.w.org\/{rel}","templated":true}]}}